{"id":360,"date":"2023-07-24T05:46:02","date_gmt":"2023-07-24T05:46:02","guid":{"rendered":"https:\/\/trel.es\/aviso-legal\/"},"modified":"2024-08-05T11:24:14","modified_gmt":"2024-08-05T11:24:14","slug":"rechtshinweis","status":"publish","type":"page","link":"https:\/\/trel.es\/de\/rechtshinweis\/","title":{"rendered":"Rechtshinweis"},"content":{"rendered":"\n<p>Wir bei <strong>TREL<\/strong> f\u00fchlen uns dem Schutz der Privatsph\u00e4re unserer Nutzer verpflichtet. Deshalb m\u00f6chten wir Ihnen klare und transparente Informationen \u00fcber die Art und Weise bieten, in der wir Ihre pers\u00f6nlichen Daten behandeln, damit Sie frei entscheiden k\u00f6nnen, ob Sie uns Ihre Daten zur Verf\u00fcgung stellen m\u00f6chten.<\/p>\n\n\n\n<h2 class=\"wp-block-heading\">Einf\u00fchrung<\/h2>\n\n\n\n<p>Indem Sie uns auf der Website unter der Domain <a href=\"http:\/\/trel.es\">trel.es<\/a> und ihren jeweiligen Subdomains personenbezogene Daten zur Verf\u00fcgung stellen, sei es \u00fcber das Kontaktformular, bei der Registrierung als Nutzer oder solche, die Sie uns im Rahmen der Aufnahme einer Beziehung zu TREL mitteilen, erkl\u00e4ren Sie sich damit einverstanden, dass Ihre Daten zum Zwecke der Verwaltung, des Managements und der Bereitstellung der Beziehung zu TREL sowie zum Erhalt von Informationen, die f\u00fcr Sie von Interesse sein k\u00f6nnten, verarbeitet werden.<\/p>\n\n\n\n<h2 class=\"wp-block-heading\">Welche Daten verarbeiten wir \u00fcber Sie?<\/h2>\n\n\n\n<p>Um die von Ihnen gew\u00fcnschte Dienstleistung zu erbringen, speichern und verarbeiten wir eine oder mehrere der folgenden personenbezogenen Daten:<\/p>\n\n\n\n<ul class=\"wp-block-list\">\n<li>Vollst\u00e4ndiger Name der Kontaktperson<\/li>\n\n\n\n<li>Telefonnummer der Kontaktperson<\/li>\n\n\n\n<li>E-Mail Adresse<\/li>\n\n\n\n<li>IP-Adresse<\/li>\n\n\n\n<li>Cookies: Wenn Sie auf der Website surfen, \u00fcbermitteln Sie uns einige Informationen \u00fcber die von Ihnen besuchten Seiten (z. B. Ihre Suchpr\u00e4ferenzen).<\/li>\n<\/ul>\n\n\n\n<h2 class=\"wp-block-heading\">Wie verwenden wir Ihre Daten?<\/h2>\n\n\n\n<p><strong>TREL<\/strong> wird die Vertraulichkeit der von Ihnen zur Verf\u00fcgung gestellten personenbezogenen Daten streng beachten.<\/p>\n\n\n\n<p>Wir geben Ihre personenbezogenen Daten nur dann an Dritte weiter, wenn dies zur Bearbeitung Ihrer Anfragen erforderlich ist, wenn eine gesetzliche Verpflichtung dazu besteht oder wenn Sie uns zuvor Ihre Einwilligung erteilt haben. Insbesondere werden wir Ihre personenbezogenen Daten nicht ohne Ihre ausdr\u00fcckliche Zustimmung an Dritte zu Marketing- oder Werbezwecken verkaufen, vermieten oder weitergeben.<\/p>\n\n\n\n<p>Zum Schutz Ihrer Daten haben wir geeignete Sicherheitsma\u00dfnahmen getroffen, um den unbefugten Zugriff, die Ver\u00e4nderung oder den Verlust Ihrer personenbezogenen Daten zu verhindern.<\/p>\n\n\n\n<p>Wir verwenden Ihre personenbezogenen Daten nur, um auf Ihre Anfragen zu antworten und Ihnen den entsprechenden Service zu bieten und um Gesch\u00e4ftsbeziehungen zu pflegen, indem wir Sie \u00fcber Produkte und Dienstleistungen informieren, die f\u00fcr Sie von Interesse sein k\u00f6nnten.<\/p>\n\n\n\n<p>Die L\u00f6schung der gespeicherten personenbezogenen Daten erfolgt, wenn die Kenntnis Ihrer personenbezogenen Daten zur Erf\u00fcllung des mit der Speicherung verfolgten Zwecks nicht mehr erforderlich ist, wenn ihre Speicherung aus sonstigen gesetzlichen Gr\u00fcnden unzul\u00e4ssig ist oder wenn Sie Ihre Einwilligung widerrufen.<\/p>\n\n\n\n<h2 class=\"wp-block-heading\">Wie k\u00f6nnen Sie Zugang, Berichtigung oder L\u00f6schung der Verwendung Ihrer Daten beantragen?<\/h2>\n\n\n\n<p>Wenn Sie Ihre Rechte auf Auskunft, Berichtigung, L\u00f6schung und Widerspruch gegen die Verarbeitung Ihrer personenbezogenen Daten durch TREL CONSTRUCTIVE SOLUTIONS SL (NIF B44592087) aus\u00fcben m\u00f6chten, k\u00f6nnen Sie dies jederzeit und kostenlos auf folgende Weise tun:<\/p>\n\n\n\n<p>Per elektronischer Post (E-Mail) an info@trel.es, mit dem Betreff &#8220;L\u00f6schung der pers\u00f6nlichen Daten&#8221;.<\/p>\n\n\n\n<p>Durch einen schriftlichen und unterschriebenen Antrag per Post an unseren Firmensitz in der Calle de la Llotja 4, 07012, Palma de Mallorca, Spanien.<\/p>\n\n\n\n<p>Diese Mitteilung per E-Mail oder per Post muss folgende Angaben enthalten:<\/p>\n\n\n\n<ul class=\"wp-block-list\">\n<li>Vor- und Nachname des Antragstellers<\/li>\n\n\n\n<li>Antrag, in dem der Antrag angegeben ist<\/li>\n\n\n\n<li>E-Mail Adresse, mit der Sie sich angemeldet haben (E-Mail)<\/li>\n\n\n\n<li>Fotokopie des Personalausweises oder Reisepasses<\/li>\n\n\n\n<li>Postanschrift und Kontakttelefonnummer.<\/li>\n<\/ul>\n\n\n\n<h2 class=\"wp-block-heading\">Cookies<\/h2>\n\n\n\n<p>Wir informieren Sie \u00fcber die Verwendung von Erstanbieter- und Drittanbieter-Cookies. Erstanbieter-Cookies sind kleine Informationsmengen, die in Ihrem Browser gespeichert werden, um die Navigation auf der Website zu erleichtern, Berichte \u00fcber Besuche und Verkehr auf der Website zu erstellen und Website-Statistiken zu erstellen. Cookies von Drittanbietern (von Werbenetzwerken) erm\u00f6glichen die Verfolgung des Surfverhaltens auf den verschiedenen mit dem Werbenetzwerk verbundenen Websites, die Segmentierung des Publikums und die Personalisierung von Werbekampagnen auf der Grundlage des Surfverhaltens des Nutzers, die Erstellung von Profilen zur Pr\u00e4sentation personalisierter Werbung. Cookies werden getrennt verwendet und in keiner Weise, weder direkt noch indirekt, mit einer identifizierten und\/oder identifizierbaren nat\u00fcrlichen Person in Verbindung gebracht. Wenn Sie an unserer Verwendung von Cookies nicht interessiert sind, k\u00f6nnen Sie Ihren Browser so konfigurieren, dass er standardm\u00e4\u00dfig alle Cookies akzeptiert oder ablehnt, indem Sie Ihren Browser auf die maximale Datenschutzeinstellung einstellen.<\/p>\n","protected":false},"excerpt":{"rendered":"<p>Wir bei TREL f\u00fchlen uns dem Schutz der Privatsph\u00e4re unserer Nutzer verpflichtet. Deshalb m\u00f6chten wir Ihnen klare und transparente Informationen \u00fcber die Art und Weise bieten, in der wir Ihre pers\u00f6nlichen Daten behandeln, damit Sie frei entscheiden k\u00f6nnen, ob Sie uns Ihre Daten zur Verf\u00fcgung stellen m\u00f6chten. Einf\u00fchrung Indem Sie uns auf der Website unter [&hellip;]<\/p>\n","protected":false},"author":1,"featured_media":0,"parent":0,"menu_order":0,"comment_status":"closed","ping_status":"closed","template":"","meta":{"footnotes":""},"class_list":["post-360","page","type-page","status-publish","hentry"],"yoast_head":"<!-- This site is optimized with the Yoast SEO plugin v27.4 - https:\/\/yoast.com\/product\/yoast-seo-wordpress\/ -->\n<title>Rechtshinweis | TREL<\/title>\n<meta name=\"description\" content=\"Wir bei TREL sind dem Schutz Ihrer Privatsph\u00e4re verpflichtet. In diesem rechtlichen Hinweis m\u00f6chten wir Sie dar\u00fcber informieren, wie wir mit Ihren personenbezogenen Daten umgehen.\" \/>\n<meta name=\"robots\" content=\"index, follow, max-snippet:-1, max-image-preview:large, max-video-preview:-1\" \/>\n<link rel=\"canonical\" href=\"https:\/\/trel.es\/de\/rechtshinweis\/\" \/>\n<meta property=\"og:locale\" content=\"de_DE\" \/>\n<meta property=\"og:type\" content=\"article\" \/>\n<meta property=\"og:title\" content=\"Rechtshinweis | TREL\" \/>\n<meta property=\"og:description\" content=\"Wir bei TREL sind dem Schutz Ihrer Privatsph\u00e4re verpflichtet. In diesem rechtlichen Hinweis m\u00f6chten wir Sie dar\u00fcber informieren, wie wir mit Ihren personenbezogenen Daten umgehen.\" \/>\n<meta property=\"og:url\" content=\"https:\/\/trel.es\/de\/rechtshinweis\/\" \/>\n<meta property=\"og:site_name\" content=\"TREL\" \/>\n<meta property=\"article:modified_time\" content=\"2024-08-05T11:24:14+00:00\" \/>\n<meta name=\"twitter:card\" content=\"summary_large_image\" \/>\n<meta name=\"twitter:label1\" content=\"Est. reading time\" \/>\n\t<meta name=\"twitter:data1\" content=\"3 minutes\" \/>\n<script type=\"application\/ld+json\" class=\"yoast-schema-graph\">{\"@context\":\"https:\\\/\\\/schema.org\",\"@graph\":[{\"@type\":\"WebPage\",\"@id\":\"https:\\\/\\\/trel.es\\\/de\\\/rechtshinweis\\\/\",\"url\":\"https:\\\/\\\/trel.es\\\/de\\\/rechtshinweis\\\/\",\"name\":\"Rechtshinweis | TREL\",\"isPartOf\":{\"@id\":\"https:\\\/\\\/trel.es\\\/#website\"},\"datePublished\":\"2023-07-24T05:46:02+00:00\",\"dateModified\":\"2024-08-05T11:24:14+00:00\",\"description\":\"Wir bei TREL sind dem Schutz Ihrer Privatsph\u00e4re verpflichtet. In diesem rechtlichen Hinweis m\u00f6chten wir Sie dar\u00fcber informieren, wie wir mit Ihren personenbezogenen Daten umgehen.\",\"breadcrumb\":{\"@id\":\"https:\\\/\\\/trel.es\\\/de\\\/rechtshinweis\\\/#breadcrumb\"},\"inLanguage\":\"de-DE\",\"potentialAction\":[{\"@type\":\"ReadAction\",\"target\":[\"https:\\\/\\\/trel.es\\\/de\\\/rechtshinweis\\\/\"]}]},{\"@type\":\"BreadcrumbList\",\"@id\":\"https:\\\/\\\/trel.es\\\/de\\\/rechtshinweis\\\/#breadcrumb\",\"itemListElement\":[{\"@type\":\"ListItem\",\"position\":1,\"name\":\"Portada\",\"item\":\"https:\\\/\\\/trel.es\\\/de\\\/\"},{\"@type\":\"ListItem\",\"position\":2,\"name\":\"Rechtshinweis\"}]},{\"@type\":\"WebSite\",\"@id\":\"https:\\\/\\\/trel.es\\\/#website\",\"url\":\"https:\\\/\\\/trel.es\\\/\",\"name\":\"TREL\",\"description\":\"Constructive Solutions\",\"publisher\":{\"@id\":\"https:\\\/\\\/trel.es\\\/#organization\"},\"potentialAction\":[{\"@type\":\"SearchAction\",\"target\":{\"@type\":\"EntryPoint\",\"urlTemplate\":\"https:\\\/\\\/trel.es\\\/?s={search_term_string}\"},\"query-input\":{\"@type\":\"PropertyValueSpecification\",\"valueRequired\":true,\"valueName\":\"search_term_string\"}}],\"inLanguage\":\"de-DE\"},{\"@type\":\"Organization\",\"@id\":\"https:\\\/\\\/trel.es\\\/#organization\",\"name\":\"TREL CONSTRUCTIVE SOLUTIONS S.L.\",\"url\":\"https:\\\/\\\/trel.es\\\/\",\"logo\":{\"@type\":\"ImageObject\",\"inLanguage\":\"de-DE\",\"@id\":\"https:\\\/\\\/trel.es\\\/#\\\/schema\\\/logo\\\/image\\\/\",\"url\":\"https:\\\/\\\/trel.es\\\/wp-content\\\/uploads\\\/2023\\\/12\\\/screenshot.png\",\"contentUrl\":\"https:\\\/\\\/trel.es\\\/wp-content\\\/uploads\\\/2023\\\/12\\\/screenshot.png\",\"width\":880,\"height\":660,\"caption\":\"TREL CONSTRUCTIVE SOLUTIONS S.L.\"},\"image\":{\"@id\":\"https:\\\/\\\/trel.es\\\/#\\\/schema\\\/logo\\\/image\\\/\"}}]}<\/script>\n<!-- \/ Yoast SEO plugin. -->","yoast_head_json":{"title":"Rechtshinweis | TREL","description":"Wir bei TREL sind dem Schutz Ihrer Privatsph\u00e4re verpflichtet. In diesem rechtlichen Hinweis m\u00f6chten wir Sie dar\u00fcber informieren, wie wir mit Ihren personenbezogenen Daten umgehen.","robots":{"index":"index","follow":"follow","max-snippet":"max-snippet:-1","max-image-preview":"max-image-preview:large","max-video-preview":"max-video-preview:-1"},"canonical":"https:\/\/trel.es\/de\/rechtshinweis\/","og_locale":"de_DE","og_type":"article","og_title":"Rechtshinweis | TREL","og_description":"Wir bei TREL sind dem Schutz Ihrer Privatsph\u00e4re verpflichtet. In diesem rechtlichen Hinweis m\u00f6chten wir Sie dar\u00fcber informieren, wie wir mit Ihren personenbezogenen Daten umgehen.","og_url":"https:\/\/trel.es\/de\/rechtshinweis\/","og_site_name":"TREL","article_modified_time":"2024-08-05T11:24:14+00:00","twitter_card":"summary_large_image","twitter_misc":{"Est. reading time":"3 minutes"},"schema":{"@context":"https:\/\/schema.org","@graph":[{"@type":"WebPage","@id":"https:\/\/trel.es\/de\/rechtshinweis\/","url":"https:\/\/trel.es\/de\/rechtshinweis\/","name":"Rechtshinweis | TREL","isPartOf":{"@id":"https:\/\/trel.es\/#website"},"datePublished":"2023-07-24T05:46:02+00:00","dateModified":"2024-08-05T11:24:14+00:00","description":"Wir bei TREL sind dem Schutz Ihrer Privatsph\u00e4re verpflichtet. In diesem rechtlichen Hinweis m\u00f6chten wir Sie dar\u00fcber informieren, wie wir mit Ihren personenbezogenen Daten umgehen.","breadcrumb":{"@id":"https:\/\/trel.es\/de\/rechtshinweis\/#breadcrumb"},"inLanguage":"de-DE","potentialAction":[{"@type":"ReadAction","target":["https:\/\/trel.es\/de\/rechtshinweis\/"]}]},{"@type":"BreadcrumbList","@id":"https:\/\/trel.es\/de\/rechtshinweis\/#breadcrumb","itemListElement":[{"@type":"ListItem","position":1,"name":"Portada","item":"https:\/\/trel.es\/de\/"},{"@type":"ListItem","position":2,"name":"Rechtshinweis"}]},{"@type":"WebSite","@id":"https:\/\/trel.es\/#website","url":"https:\/\/trel.es\/","name":"TREL","description":"Constructive Solutions","publisher":{"@id":"https:\/\/trel.es\/#organization"},"potentialAction":[{"@type":"SearchAction","target":{"@type":"EntryPoint","urlTemplate":"https:\/\/trel.es\/?s={search_term_string}"},"query-input":{"@type":"PropertyValueSpecification","valueRequired":true,"valueName":"search_term_string"}}],"inLanguage":"de-DE"},{"@type":"Organization","@id":"https:\/\/trel.es\/#organization","name":"TREL CONSTRUCTIVE SOLUTIONS S.L.","url":"https:\/\/trel.es\/","logo":{"@type":"ImageObject","inLanguage":"de-DE","@id":"https:\/\/trel.es\/#\/schema\/logo\/image\/","url":"https:\/\/trel.es\/wp-content\/uploads\/2023\/12\/screenshot.png","contentUrl":"https:\/\/trel.es\/wp-content\/uploads\/2023\/12\/screenshot.png","width":880,"height":660,"caption":"TREL CONSTRUCTIVE SOLUTIONS S.L."},"image":{"@id":"https:\/\/trel.es\/#\/schema\/logo\/image\/"}}]}},"_links":{"self":[{"href":"https:\/\/trel.es\/de\/wp-json\/wp\/v2\/pages\/360","targetHints":{"allow":["GET"]}}],"collection":[{"href":"https:\/\/trel.es\/de\/wp-json\/wp\/v2\/pages"}],"about":[{"href":"https:\/\/trel.es\/de\/wp-json\/wp\/v2\/types\/page"}],"author":[{"embeddable":true,"href":"https:\/\/trel.es\/de\/wp-json\/wp\/v2\/users\/1"}],"replies":[{"embeddable":true,"href":"https:\/\/trel.es\/de\/wp-json\/wp\/v2\/comments?post=360"}],"version-history":[{"count":3,"href":"https:\/\/trel.es\/de\/wp-json\/wp\/v2\/pages\/360\/revisions"}],"predecessor-version":[{"id":421,"href":"https:\/\/trel.es\/de\/wp-json\/wp\/v2\/pages\/360\/revisions\/421"}],"wp:attachment":[{"href":"https:\/\/trel.es\/de\/wp-json\/wp\/v2\/media?parent=360"}],"curies":[{"name":"wp","href":"https:\/\/api.w.org\/{rel}","templated":true}]}}